{"id":29,"date":"2023-01-09T10:35:50","date_gmt":"2023-01-09T10:35:50","guid":{"rendered":"https:\/\/touchupestetik.com\/?page_id=29"},"modified":"2023-01-09T10:35:50","modified_gmt":"2023-01-09T10:35:50","slug":"blog","status":"publish","type":"page","link":"https:\/\/touchupestetik.com\/index.php\/blog\/","title":{"rendered":"Blog"},"content":{"rendered":"\t\t<div data-elementor-type=\"wp-page\" data-elementor-id=\"29\" class=\"elementor elementor-29\">\n\t\t\t\t\t\t<section class=\"elementor-section elementor-top-section elementor-element elementor-element-fa05d06 elementor-hidden-desktop elementor-hidden-laptop elementor-hidden-tablet_extra elementor-hidden-tablet elementor-hidden-mobile_extra elementor-hidden-mobile elementor-section-boxed elementor-section-height-default elementor-section-height-default\" data-id=\"fa05d06\" data-element_type=\"section\" data-settings=\"{&quot;wdt_bg_image&quot;:{&quot;url&quot;:&quot;&quot;,&quot;id&quot;:&quot;&quot;,&quot;size&quot;:&quot;&quot;},&quot;wdt_bg_image_laptop&quot;:{&quot;url&quot;:&quot;&quot;,&quot;id&quot;:&quot;&quot;,&quot;size&quot;:&quot;&quot;},&quot;wdt_bg_image_tablet_extra&quot;:{&quot;url&quot;:&quot;&quot;,&quot;id&quot;:&quot;&quot;,&quot;size&quot;:&quot;&quot;},&quot;wdt_bg_image_tablet&quot;:{&quot;url&quot;:&quot;&quot;,&quot;id&quot;:&quot;&quot;,&quot;size&quot;:&quot;&quot;},&quot;wdt_bg_image_mobile_extra&quot;:{&quot;url&quot;:&quot;&quot;,&quot;id&quot;:&quot;&quot;,&quot;size&quot;:&quot;&quot;},&quot;wdt_bg_image_mobile&quot;:{&quot;url&quot;:&quot;&quot;,&quot;id&quot;:&quot;&quot;,&quot;size&quot;:&quot;&quot;},&quot;wdt_bg_position&quot;:&quot;center center&quot;,&quot;wdt_animation_effect&quot;:&quot;none&quot;}\">\n\t\t\t\t\t\t<div class=\"elementor-container elementor-column-gap-default\">\n\t\t\t\t\t<div class=\"elementor-column elementor-col-100 elementor-top-column elementor-element elementor-element-9286d2c\" data-id=\"9286d2c\" data-element_type=\"column\">\n\t\t\t<div class=\"elementor-widget-wrap elementor-element-populated\">\n\t\t\t\t\t\t<div class=\"elementor-element elementor-element-b62e842 elementor-shape-rounded elementor-grid-0 e-grid-align-center elementor-widget elementor-widget-social-icons\" data-id=\"b62e842\" data-element_type=\"widget\" data-settings=\"{&quot;wdt_animation_effect&quot;:&quot;none&quot;}\" data-widget_type=\"social-icons.default\">\n\t\t\t\t\t\t\t<div class=\"elementor-social-icons-wrapper elementor-grid\" role=\"list\">\n\t\t\t\t\t\t\t<span class=\"elementor-grid-item\" role=\"listitem\">\n\t\t\t\t\t<a class=\"elementor-icon elementor-social-icon elementor-social-icon-facebook elementor-repeater-item-b0df6e6\" target=\"_blank\">\n\t\t\t\t\t\t<span class=\"elementor-screen-only\">Facebook<\/span>\n\t\t\t\t\t\t<svg aria-hidden=\"true\" class=\"e-font-icon-svg e-fab-facebook\" viewBox=\"0 0 512 512\" xmlns=\"http:\/\/www.w3.org\/2000\/svg\"><path d=\"M504 256C504 119 393 8 256 8S8 119 8 256c0 123.78 90.69 226.38 209.25 245V327.69h-63V256h63v-54.64c0-62.15 37-96.48 93.67-96.48 27.14 0 55.52 4.84 55.52 4.84v61h-31.28c-30.8 0-40.41 19.12-40.41 38.73V256h68.78l-11 71.69h-57.78V501C413.31 482.38 504 379.78 504 256z\"><\/path><\/svg>\t\t\t\t\t<\/a>\n\t\t\t\t<\/span>\n\t\t\t\t\t\t\t<span class=\"elementor-grid-item\" role=\"listitem\">\n\t\t\t\t\t<a class=\"elementor-icon elementor-social-icon elementor-social-icon-twitter elementor-repeater-item-0cedee1\" target=\"_blank\">\n\t\t\t\t\t\t<span class=\"elementor-screen-only\">Twitter<\/span>\n\t\t\t\t\t\t<svg aria-hidden=\"true\" class=\"e-font-icon-svg e-fab-twitter\" viewBox=\"0 0 512 512\" xmlns=\"http:\/\/www.w3.org\/2000\/svg\"><path d=\"M459.37 151.716c.325 4.548.325 9.097.325 13.645 0 138.72-105.583 298.558-298.558 298.558-59.452 0-114.68-17.219-161.137-47.106 8.447.974 16.568 1.299 25.34 1.299 49.055 0 94.213-16.568 130.274-44.832-46.132-.975-84.792-31.188-98.112-72.772 6.498.974 12.995 1.624 19.818 1.624 9.421 0 18.843-1.3 27.614-3.573-48.081-9.747-84.143-51.98-84.143-102.985v-1.299c13.969 7.797 30.214 12.67 47.431 13.319-28.264-18.843-46.781-51.005-46.781-87.391 0-19.492 5.197-37.36 14.294-52.954 51.655 63.675 129.3 105.258 216.365 109.807-1.624-7.797-2.599-15.918-2.599-24.04 0-57.828 46.782-104.934 104.934-104.934 30.213 0 57.502 12.67 76.67 33.137 23.715-4.548 46.456-13.32 66.599-25.34-7.798 24.366-24.366 44.833-46.132 57.827 21.117-2.273 41.584-8.122 60.426-16.243-14.292 20.791-32.161 39.308-52.628 54.253z\"><\/path><\/svg>\t\t\t\t\t<\/a>\n\t\t\t\t<\/span>\n\t\t\t\t\t\t\t<span class=\"elementor-grid-item\" role=\"listitem\">\n\t\t\t\t\t<a class=\"elementor-icon elementor-social-icon elementor-social-icon-youtube elementor-repeater-item-78de978\" target=\"_blank\">\n\t\t\t\t\t\t<span class=\"elementor-screen-only\">Youtube<\/span>\n\t\t\t\t\t\t<svg aria-hidden=\"true\" class=\"e-font-icon-svg e-fab-youtube\" viewBox=\"0 0 576 512\" xmlns=\"http:\/\/www.w3.org\/2000\/svg\"><path d=\"M549.655 124.083c-6.281-23.65-24.787-42.276-48.284-48.597C458.781 64 288 64 288 64S117.22 64 74.629 75.486c-23.497 6.322-42.003 24.947-48.284 48.597-11.412 42.867-11.412 132.305-11.412 132.305s0 89.438 11.412 132.305c6.281 23.65 24.787 41.5 48.284 47.821C117.22 448 288 448 288 448s170.78 0 213.371-11.486c23.497-6.321 42.003-24.171 48.284-47.821 11.412-42.867 11.412-132.305 11.412-132.305s0-89.438-11.412-132.305zm-317.51 213.508V175.185l142.739 81.205-142.739 81.201z\"><\/path><\/svg>\t\t\t\t\t<\/a>\n\t\t\t\t<\/span>\n\t\t\t\t\t<\/div>\n\t\t\t\t\t\t<\/div>\n\t\t\t\t\t<\/div>\n\t\t<\/div>\n\t\t\t\t\t<\/div>\n\t\t<\/section>\n\t\t\t\t<section class=\"elementor-section elementor-top-section elementor-element elementor-element-fd2d007 elementor-section-boxed elementor-section-height-default elementor-section-height-default\" data-id=\"fd2d007\" data-element_type=\"section\" data-settings=\"{&quot;wdt_bg_image&quot;:{&quot;url&quot;:&quot;&quot;,&quot;id&quot;:&quot;&quot;,&quot;size&quot;:&quot;&quot;},&quot;wdt_bg_image_laptop&quot;:{&quot;url&quot;:&quot;&quot;,&quot;id&quot;:&quot;&quot;,&quot;size&quot;:&quot;&quot;},&quot;wdt_bg_image_tablet_extra&quot;:{&quot;url&quot;:&quot;&quot;,&quot;id&quot;:&quot;&quot;,&quot;size&quot;:&quot;&quot;},&quot;wdt_bg_image_tablet&quot;:{&quot;url&quot;:&quot;&quot;,&quot;id&quot;:&quot;&quot;,&quot;size&quot;:&quot;&quot;},&quot;wdt_bg_image_mobile_extra&quot;:{&quot;url&quot;:&quot;&quot;,&quot;id&quot;:&quot;&quot;,&quot;size&quot;:&quot;&quot;},&quot;wdt_bg_image_mobile&quot;:{&quot;url&quot;:&quot;&quot;,&quot;id&quot;:&quot;&quot;,&quot;size&quot;:&quot;&quot;},&quot;wdt_bg_position&quot;:&quot;center center&quot;,&quot;wdt_animation_effect&quot;:&quot;none&quot;}\">\n\t\t\t\t\t\t<div class=\"elementor-container elementor-column-gap-no\">\n\t\t\t\t\t<div class=\"elementor-column elementor-col-100 elementor-top-column elementor-element elementor-element-5d1ced8\" data-id=\"5d1ced8\" data-element_type=\"column\">\n\t\t\t<div class=\"elementor-widget-wrap elementor-element-populated\">\n\t\t\t\t\t\t<div class=\"elementor-element elementor-element-182517d elementor-widget elementor-widget-wdt-blog-posts\" data-id=\"182517d\" data-element_type=\"widget\" data-settings=\"{&quot;wdt_animation_effect&quot;:&quot;none&quot;}\" data-widget_type=\"wdt-blog-posts.default\">\n\t\t\t\t<div class=\"elementor-widget-container\">\n\t\t\t\t\t<div class=\"wdt-posts-list-wrapper  \" ><div class='tpl-blog-holder  apply-isotope '><div class='grid-sizer  entry-grid-layout wdt-simple-style wdt-fadeinright-hover wdt-default-overlay alignleft column wdt-one-third wdt-post-entry '><\/div><div class=\" entry-grid-layout wdt-simple-style wdt-fadeinright-hover wdt-default-overlay alignleft column wdt-one-third wdt-post-entry  \"><article id=\"post-1\" class=\"post-1 post type-post status-publish format-standard hentry category-genel blog-entry\">\r\n\r\n\r\n\t<!-- Featured Image -->\r\n\t<div class=\"entry-thumb\">\r\n\t\t\r\n\r\n        <\/div><!-- Featured Image -->\r\n<!-- Entry Date -->\r\n<div class=\"entry-date\">\r\n\t<i class=\"wdticon-calendar\"> <\/i>\r\n\t17 Eyl\u00fcl 2025<\/div><!-- Entry Date --><div class=\"entry-meta-group\">\r\n<!-- Entry Categories -->\r\n<div class=\"entry-categories\"><i class=\"wdticon-folder\"> <\/i><a href=\"https:\/\/touchupestetik.com\/index.php\/category\/genel\/\">Genel<\/a><\/div><!-- Entry Categories -->\r\n<!-- Entry Tags -->\r\n<div class=\"entry-tags\"><\/div><!-- Entry Tags --><\/div>\r\n<!-- Entry Title -->\r\n<div class=\"entry-title\">\r\n\t<h4>    \t<a href=\"https:\/\/touchupestetik.com\/index.php\/2025\/09\/17\/merhaba-dunya\/\" title=\"Permalink to Merhaba d\u00fcnya!\">Merhaba d\u00fcnya!<\/a>\r\n\t<\/h4>\r\n<\/div><!-- Entry Title -->\r\n\t<div class=\"entry-body\"><p>WordPress&#8217;e ho\u015f geldiniz. Bu sizin ilk yaz\u0131n\u0131z. Bu yaz\u0131y\u0131 d\u00fczenleyin ya da silin....<\/p><\/div>\r\n\r\n<!-- Entry Button --><div class=\"entry-button wdt-core-button\"><a href=\"https:\/\/touchupestetik.com\/index.php\/2025\/09\/17\/merhaba-dunya\/\" title=\"Merhaba d\u00fcnya!\" class=\"wdt-button\">Read More<span><svg xmlns=\"http:\/\/www.w3.org\/2000\/svg\" xmlns:xlink=\"http:\/\/www.w3.org\/1999\/xlink\" x=\"0px\" y=\"0px\" viewBox=\"0 0 100 59\" style=\"enable-background:new 0 0 100 59;\" xml:space=\"preserve\"><polygon points=\"59.9,6.1 79.4,25.7 6,25.7 6,33.3 79.4,33.3 59.9,52.9 65.3,58.2 94,29.5 65.3,0.8 \"><\/polygon><\/svg><\/span><\/a><\/div><!-- Entry Button --><\/article><\/div><div class=\" entry-grid-layout wdt-simple-style wdt-fadeinright-hover wdt-default-overlay alignleft column wdt-one-third wdt-post-entry  \"><article id=\"post-1821\" class=\"post-1821 post type-post status-publish format-standard has-post-thumbnail hentry category-matte-makeup category-nude-makeup tag-fragrance tag-suspensions blog-entry\">\r\n\r\n\r\n\t<!-- Featured Image -->\r\n\t<div class=\"entry-thumb\">\r\n\t\t\r\n<a href=\"https:\/\/touchupestetik.com\/index.php\/2025\/06\/04\/premium-feather-light-comfortable-lipstick\/\" title=\"Permalink to Premium feather-light, comfortable lipstick\"><img fetchpriority=\"high\" decoding=\"async\" width=\"1300\" height=\"780\" src=\"https:\/\/touchupestetik.com\/wp-content\/uploads\/2023\/06\/blog-1-1.jpg\" class=\"attachment-wdt-blog-iii-column size-wdt-blog-iii-column wp-post-image\" alt=\"\" srcset=\"https:\/\/touchupestetik.com\/wp-content\/uploads\/2023\/06\/blog-1-1.jpg 1300w, https:\/\/touchupestetik.com\/wp-content\/uploads\/2023\/06\/blog-1-1-1000x600.jpg 1000w\" sizes=\"(max-width: 1300px) 100vw, 1300px\" \/><\/a>\r\n        <\/div><!-- Featured Image -->\r\n<!-- Entry Date -->\r\n<div class=\"entry-date\">\r\n\t<i class=\"wdticon-calendar\"> <\/i>\r\n\t4 Haziran 2025<\/div><!-- Entry Date --><div class=\"entry-meta-group\">\r\n<!-- Entry Categories -->\r\n<div class=\"entry-categories\"><i class=\"wdticon-folder\"> <\/i><a href=\"https:\/\/touchupestetik.com\/index.php\/category\/matte-makeup\/\">Matte Makeup<\/a> <a href=\"https:\/\/touchupestetik.com\/index.php\/category\/nude-makeup\/\">Nude Makeup<\/a><\/div><!-- Entry Categories -->\r\n<!-- Entry Tags -->\r\n<div class=\"entry-tags\"><i class=\"wdticon-bookmark\"> <\/i> <a href=\"https:\/\/touchupestetik.com\/index.php\/tag\/fragrance\/\" rel=\"tag\">Fragrance<\/a> <a href=\"https:\/\/touchupestetik.com\/index.php\/tag\/suspensions\/\" rel=\"tag\">Suspensions<\/a><\/div><!-- Entry Tags --><\/div>\r\n<!-- Entry Title -->\r\n<div class=\"entry-title\">\r\n\t<h4>    \t<a href=\"https:\/\/touchupestetik.com\/index.php\/2025\/06\/04\/premium-feather-light-comfortable-lipstick\/\" title=\"Permalink to Premium feather-light, comfortable lipstick\">Premium feather-light, comfortable lipstick<\/a>\r\n\t<\/h4>\r\n<\/div><!-- Entry Title -->\r\n\t<div class=\"entry-body\"><p>Distinctively reconceptualize resource maximizing methodologies for enterprise strategic theme areas. Energistically revolutionize high...<\/p><\/div>\r\n\r\n<!-- Entry Button --><div class=\"entry-button wdt-core-button\"><a href=\"https:\/\/touchupestetik.com\/index.php\/2025\/06\/04\/premium-feather-light-comfortable-lipstick\/\" title=\"Premium feather-light, comfortable lipstick\" class=\"wdt-button\">Read More<span><svg xmlns=\"http:\/\/www.w3.org\/2000\/svg\" xmlns:xlink=\"http:\/\/www.w3.org\/1999\/xlink\" x=\"0px\" y=\"0px\" viewBox=\"0 0 100 59\" style=\"enable-background:new 0 0 100 59;\" xml:space=\"preserve\"><polygon points=\"59.9,6.1 79.4,25.7 6,25.7 6,33.3 79.4,33.3 59.9,52.9 65.3,58.2 94,29.5 65.3,0.8 \"><\/polygon><\/svg><\/span><\/a><\/div><!-- Entry Button --><\/article><\/div><div class=\" entry-grid-layout wdt-simple-style wdt-fadeinright-hover wdt-default-overlay alignleft column wdt-one-third wdt-post-entry  \"><article id=\"post-2558\" class=\"post-2558 post type-post status-publish format-gallery has-post-thumbnail hentry category-sun-protection tag-sensitive post_format-post-format-gallery blog-entry format-standard\">\r\n\r\n\r\n\t<!-- Featured Image -->\r\n\t<div class=\"entry-thumb\">\r\n\t\t\r\n<a href=\"https:\/\/touchupestetik.com\/index.php\/2023\/06\/26\/making-cbd-infused-pastries-and-cupcakes-6\/\" title=\"Permalink to Making CBD-Infused Pastries And Cupcakes\"><img decoding=\"async\" width=\"1300\" height=\"780\" src=\"https:\/\/touchupestetik.com\/wp-content\/uploads\/2023\/06\/blog-1.jpg\" class=\"attachment-wdt-blog-iii-column size-wdt-blog-iii-column wp-post-image\" alt=\"\" srcset=\"https:\/\/touchupestetik.com\/wp-content\/uploads\/2023\/06\/blog-1.jpg 1300w, https:\/\/touchupestetik.com\/wp-content\/uploads\/2023\/06\/blog-1-1000x600.jpg 1000w\" sizes=\"(max-width: 1300px) 100vw, 1300px\" \/><\/a>\r\n        <\/div><!-- Featured Image -->\r\n<!-- Entry Date -->\r\n<div class=\"entry-date\">\r\n\t<i class=\"wdticon-calendar\"> <\/i>\r\n\t26 Haziran 2023<\/div><!-- Entry Date --><div class=\"entry-meta-group\">\r\n<!-- Entry Categories -->\r\n<div class=\"entry-categories\"><i class=\"wdticon-folder\"> <\/i><a href=\"https:\/\/touchupestetik.com\/index.php\/category\/sun-protection\/\">Sun Protection<\/a><\/div><!-- Entry Categories -->\r\n<!-- Entry Tags -->\r\n<div class=\"entry-tags\"><i class=\"wdticon-bookmark\"> <\/i> <a href=\"https:\/\/touchupestetik.com\/index.php\/tag\/sensitive\/\" rel=\"tag\">Sensitive<\/a><\/div><!-- Entry Tags --><\/div>\r\n<!-- Entry Title -->\r\n<div class=\"entry-title\">\r\n\t<h4>    \t<a href=\"https:\/\/touchupestetik.com\/index.php\/2023\/06\/26\/making-cbd-infused-pastries-and-cupcakes-6\/\" title=\"Permalink to Making CBD-Infused Pastries And Cupcakes\">Making CBD-Infused Pastries And Cupcakes<\/a>\r\n\t<\/h4>\r\n<\/div><!-- Entry Title -->\r\n\t<div class=\"entry-body\"><p>Nibh tellus molestie nunc non blandit massa. Nec feugiat nisl pretium fusce id....<\/p><\/div>\r\n\r\n<!-- Entry Button --><div class=\"entry-button wdt-core-button\"><a href=\"https:\/\/touchupestetik.com\/index.php\/2023\/06\/26\/making-cbd-infused-pastries-and-cupcakes-6\/\" title=\"Making CBD-Infused Pastries And Cupcakes\" class=\"wdt-button\">Read More<span><svg xmlns=\"http:\/\/www.w3.org\/2000\/svg\" xmlns:xlink=\"http:\/\/www.w3.org\/1999\/xlink\" x=\"0px\" y=\"0px\" viewBox=\"0 0 100 59\" style=\"enable-background:new 0 0 100 59;\" xml:space=\"preserve\"><polygon points=\"59.9,6.1 79.4,25.7 6,25.7 6,33.3 79.4,33.3 59.9,52.9 65.3,58.2 94,29.5 65.3,0.8 \"><\/polygon><\/svg><\/span><\/a><\/div><!-- Entry Button --><\/article><\/div><div class=\" entry-grid-layout wdt-simple-style wdt-fadeinright-hover wdt-default-overlay alignleft column wdt-one-third wdt-post-entry  \"><article id=\"post-2557\" class=\"post-2557 post type-post status-publish format-gallery has-post-thumbnail hentry category-enlarged-pores tag-combination post_format-post-format-gallery blog-entry format-standard\">\r\n\r\n\r\n\t<!-- Featured Image -->\r\n\t<div class=\"entry-thumb\">\r\n\t\t\r\n<a href=\"https:\/\/touchupestetik.com\/index.php\/2023\/06\/26\/natural-and-detergent-free-handmade-soap\/\" title=\"Permalink to Natural And Detergent-Free Handmade Soap\"><img decoding=\"async\" width=\"1300\" height=\"780\" src=\"https:\/\/touchupestetik.com\/wp-content\/uploads\/2023\/06\/blog-2.jpg\" class=\"attachment-wdt-blog-iii-column size-wdt-blog-iii-column wp-post-image\" alt=\"\" srcset=\"https:\/\/touchupestetik.com\/wp-content\/uploads\/2023\/06\/blog-2.jpg 1300w, https:\/\/touchupestetik.com\/wp-content\/uploads\/2023\/06\/blog-2-1000x600.jpg 1000w\" sizes=\"(max-width: 1300px) 100vw, 1300px\" \/><\/a>\r\n        <\/div><!-- Featured Image -->\r\n<!-- Entry Date -->\r\n<div class=\"entry-date\">\r\n\t<i class=\"wdticon-calendar\"> <\/i>\r\n\t26 Haziran 2023<\/div><!-- Entry Date --><div class=\"entry-meta-group\">\r\n<!-- Entry Categories -->\r\n<div class=\"entry-categories\"><i class=\"wdticon-folder\"> <\/i><a href=\"https:\/\/touchupestetik.com\/index.php\/category\/enlarged-pores\/\">Enlarged Pores<\/a><\/div><!-- Entry Categories -->\r\n<!-- Entry Tags -->\r\n<div class=\"entry-tags\"><i class=\"wdticon-bookmark\"> <\/i> <a href=\"https:\/\/touchupestetik.com\/index.php\/tag\/combination\/\" rel=\"tag\">Combination<\/a><\/div><!-- Entry Tags --><\/div>\r\n<!-- Entry Title -->\r\n<div class=\"entry-title\">\r\n\t<h4>    \t<a href=\"https:\/\/touchupestetik.com\/index.php\/2023\/06\/26\/natural-and-detergent-free-handmade-soap\/\" title=\"Permalink to Natural And Detergent-Free Handmade Soap\">Natural And Detergent-Free Handmade Soap<\/a>\r\n\t<\/h4>\r\n<\/div><!-- Entry Title -->\r\n\t<div class=\"entry-body\"><p>Feugiat tempor nec nisl pretium fusce id. Nibh tellus molestie nunc non blandit...<\/p><\/div>\r\n\r\n<!-- Entry Button --><div class=\"entry-button wdt-core-button\"><a href=\"https:\/\/touchupestetik.com\/index.php\/2023\/06\/26\/natural-and-detergent-free-handmade-soap\/\" title=\"Natural And Detergent-Free Handmade Soap\" class=\"wdt-button\">Read More<span><svg xmlns=\"http:\/\/www.w3.org\/2000\/svg\" xmlns:xlink=\"http:\/\/www.w3.org\/1999\/xlink\" x=\"0px\" y=\"0px\" viewBox=\"0 0 100 59\" style=\"enable-background:new 0 0 100 59;\" xml:space=\"preserve\"><polygon points=\"59.9,6.1 79.4,25.7 6,25.7 6,33.3 79.4,33.3 59.9,52.9 65.3,58.2 94,29.5 65.3,0.8 \"><\/polygon><\/svg><\/span><\/a><\/div><!-- Entry Button --><\/article><\/div><div class=\" entry-grid-layout wdt-simple-style wdt-fadeinright-hover wdt-default-overlay alignleft column wdt-one-third wdt-post-entry  \"><article id=\"post-2556\" class=\"post-2556 post type-post status-publish format-gallery has-post-thumbnail hentry category-dark-spots tag-combination post_format-post-format-gallery blog-entry format-standard\">\r\n\r\n\r\n\t<!-- Featured Image -->\r\n\t<div class=\"entry-thumb\">\r\n\t\t\r\n<a href=\"https:\/\/touchupestetik.com\/index.php\/2023\/06\/26\/fine-and-smooth-organic-face-pack\/\" title=\"Permalink to Fine And Smooth Organic Face Pack\"><img loading=\"lazy\" decoding=\"async\" width=\"1300\" height=\"780\" src=\"https:\/\/touchupestetik.com\/wp-content\/uploads\/2023\/06\/blog-3.jpg\" class=\"attachment-wdt-blog-iii-column size-wdt-blog-iii-column wp-post-image\" alt=\"\" srcset=\"https:\/\/touchupestetik.com\/wp-content\/uploads\/2023\/06\/blog-3.jpg 1300w, https:\/\/touchupestetik.com\/wp-content\/uploads\/2023\/06\/blog-3-1000x600.jpg 1000w\" sizes=\"(max-width: 1300px) 100vw, 1300px\" \/><\/a>\r\n        <\/div><!-- Featured Image -->\r\n<!-- Entry Date -->\r\n<div class=\"entry-date\">\r\n\t<i class=\"wdticon-calendar\"> <\/i>\r\n\t26 Haziran 2023<\/div><!-- Entry Date --><div class=\"entry-meta-group\">\r\n<!-- Entry Categories -->\r\n<div class=\"entry-categories\"><i class=\"wdticon-folder\"> <\/i><a href=\"https:\/\/touchupestetik.com\/index.php\/category\/dark-spots\/\">Dark Spots<\/a><\/div><!-- Entry Categories -->\r\n<!-- Entry Tags -->\r\n<div class=\"entry-tags\"><i class=\"wdticon-bookmark\"> <\/i> <a href=\"https:\/\/touchupestetik.com\/index.php\/tag\/combination\/\" rel=\"tag\">Combination<\/a><\/div><!-- Entry Tags --><\/div>\r\n<!-- Entry Title -->\r\n<div class=\"entry-title\">\r\n\t<h4>    \t<a href=\"https:\/\/touchupestetik.com\/index.php\/2023\/06\/26\/fine-and-smooth-organic-face-pack\/\" title=\"Permalink to Fine And Smooth Organic Face Pack\">Fine And Smooth Organic Face Pack<\/a>\r\n\t<\/h4>\r\n<\/div><!-- Entry Title -->\r\n\t<div class=\"entry-body\"><p>Dempor nec feugiat nisl pretium fusce id. Nibh tellus molestie nunc non blandit...<\/p><\/div>\r\n\r\n<!-- Entry Button --><div class=\"entry-button wdt-core-button\"><a href=\"https:\/\/touchupestetik.com\/index.php\/2023\/06\/26\/fine-and-smooth-organic-face-pack\/\" title=\"Fine And Smooth Organic Face Pack\" class=\"wdt-button\">Read More<span><svg xmlns=\"http:\/\/www.w3.org\/2000\/svg\" xmlns:xlink=\"http:\/\/www.w3.org\/1999\/xlink\" x=\"0px\" y=\"0px\" viewBox=\"0 0 100 59\" style=\"enable-background:new 0 0 100 59;\" xml:space=\"preserve\"><polygon points=\"59.9,6.1 79.4,25.7 6,25.7 6,33.3 79.4,33.3 59.9,52.9 65.3,58.2 94,29.5 65.3,0.8 \"><\/polygon><\/svg><\/span><\/a><\/div><!-- Entry Button --><\/article><\/div><div class=\" entry-grid-layout wdt-simple-style wdt-fadeinright-hover wdt-default-overlay alignleft column wdt-one-third wdt-post-entry  \"><article id=\"post-2555\" class=\"post-2555 post type-post status-publish format-gallery has-post-thumbnail hentry category-wrinkles tag-sensitive post_format-post-format-gallery blog-entry format-standard\">\r\n\r\n\r\n\t<!-- Featured Image -->\r\n\t<div class=\"entry-thumb\">\r\n\t\t\r\n<a href=\"https:\/\/touchupestetik.com\/index.php\/2023\/06\/26\/chemical-free-expert-anti-aging-face-moisturizer\/\" title=\"Permalink to \u00a0Chemical-Free Expert Anti-Aging\u00a0Face Moisturizer\u00a0\"><img loading=\"lazy\" decoding=\"async\" width=\"1300\" height=\"780\" src=\"https:\/\/touchupestetik.com\/wp-content\/uploads\/2023\/06\/blog-4.jpg\" class=\"attachment-wdt-blog-iii-column size-wdt-blog-iii-column wp-post-image\" alt=\"\" srcset=\"https:\/\/touchupestetik.com\/wp-content\/uploads\/2023\/06\/blog-4.jpg 1300w, https:\/\/touchupestetik.com\/wp-content\/uploads\/2023\/06\/blog-4-1000x600.jpg 1000w\" sizes=\"(max-width: 1300px) 100vw, 1300px\" \/><\/a>\r\n        <\/div><!-- Featured Image -->\r\n<!-- Entry Date -->\r\n<div class=\"entry-date\">\r\n\t<i class=\"wdticon-calendar\"> <\/i>\r\n\t26 Haziran 2023<\/div><!-- Entry Date --><div class=\"entry-meta-group\">\r\n<!-- Entry Categories -->\r\n<div class=\"entry-categories\"><i class=\"wdticon-folder\"> <\/i><a href=\"https:\/\/touchupestetik.com\/index.php\/category\/wrinkles\/\">Wrinkles<\/a><\/div><!-- Entry Categories -->\r\n<!-- Entry Tags -->\r\n<div class=\"entry-tags\"><i class=\"wdticon-bookmark\"> <\/i> <a href=\"https:\/\/touchupestetik.com\/index.php\/tag\/sensitive\/\" rel=\"tag\">Sensitive<\/a><\/div><!-- Entry Tags --><\/div>\r\n<!-- Entry Title -->\r\n<div class=\"entry-title\">\r\n\t<h4>    \t<a href=\"https:\/\/touchupestetik.com\/index.php\/2023\/06\/26\/chemical-free-expert-anti-aging-face-moisturizer\/\" title=\"Permalink to \u00a0Chemical-Free Expert Anti-Aging\u00a0Face Moisturizer\u00a0\">\u00a0Chemical-Free Expert Anti-Aging\u00a0Face Moisturizer\u00a0<\/a>\r\n\t<\/h4>\r\n<\/div><!-- Entry Title -->\r\n\t<div class=\"entry-body\"><p>Nec feugiat nisl pretium fusce id. \nNibh tellus molestie nunc non blandit massa....<\/p><\/div>\r\n\r\n<!-- Entry Button --><div class=\"entry-button wdt-core-button\"><a href=\"https:\/\/touchupestetik.com\/index.php\/2023\/06\/26\/chemical-free-expert-anti-aging-face-moisturizer\/\" title=\"\u00a0Chemical-Free Expert Anti-Aging\u00a0Face Moisturizer\u00a0\" class=\"wdt-button\">Read More<span><svg xmlns=\"http:\/\/www.w3.org\/2000\/svg\" xmlns:xlink=\"http:\/\/www.w3.org\/1999\/xlink\" x=\"0px\" y=\"0px\" viewBox=\"0 0 100 59\" style=\"enable-background:new 0 0 100 59;\" xml:space=\"preserve\"><polygon points=\"59.9,6.1 79.4,25.7 6,25.7 6,33.3 79.4,33.3 59.9,52.9 65.3,58.2 94,29.5 65.3,0.8 \"><\/polygon><\/svg><\/span><\/a><\/div><!-- Entry Button --><\/article><\/div><\/div><div class=\"pagination blog-pagination\"><div class=\"column one pager_wrapper\"><ul class='page-numbers'>\n\t<li><span aria-label=\"Sayfa 1\" aria-current=\"page\" class=\"page-numbers current\">1<\/span><\/li>\n\t<li><a aria-label=\"Sayfa 2\" class=\"page-numbers\" href=\"https:\/\/touchupestetik.com\/index.php\/wp-json\/wp\/v2\/pages\/29\/page\/2\/\">2<\/a><\/li>\n\t<li><a aria-label=\"Sayfa 3\" class=\"page-numbers\" href=\"https:\/\/touchupestetik.com\/index.php\/wp-json\/wp\/v2\/pages\/29\/page\/3\/\">3<\/a><\/li>\n\t<li><a aria-label=\"Sayfa 4\" class=\"page-numbers\" href=\"https:\/\/touchupestetik.com\/index.php\/wp-json\/wp\/v2\/pages\/29\/page\/4\/\">4<\/a><\/li>\n\t<li><a class=\"next page-numbers\" href=\"https:\/\/touchupestetik.com\/index.php\/wp-json\/wp\/v2\/pages\/29\/page\/2\/\"><i class=\"icon-ca-right\"><\/i><\/a><\/li>\n<\/ul>\n<\/div>\n<\/div><\/div>\t\t\t\t<\/div>\n\t\t\t\t<\/div>\n\t\t\t\t\t<\/div>\n\t\t<\/div>\n\t\t\t\t\t<\/div>\n\t\t<\/section>\n\t\t\t\t<\/div>\n\t\t","protected":false},"excerpt":{"rendered":"<p>Facebook Twitter Youtube Jun 26, 2023 CBD Pastries Edible Making CBD-Infused Pastries And Cupcakes Nibh tellus molestie nunc non blandit massa. Nec feugiat nisl pretium fusce id&#8230;. Read More Jun 26, 2023 CBD Pastries Edible Making CBD-Infused Pastries And Cupcakes Feugiat tempor nec nisl pretium fusce id. Nibh tellus molestie nunc non blandit&#8230; Read More [&hellip;]<\/p>\n","protected":false},"author":1,"featured_media":0,"parent":0,"menu_order":0,"comment_status":"closed","ping_status":"closed","template":"elementor_header_footer","meta":{"_monsterinsights_skip_tracking":false,"_monsterinsights_sitenote_active":false,"_monsterinsights_sitenote_note":"","_monsterinsights_sitenote_category":0,"footnotes":""},"class_list":["post-29","page","type-page","status-publish","hentry","blog-entry","format-standard"],"aioseo_notices":[],"brizy_media":[],"_links":{"self":[{"href":"https:\/\/touchupestetik.com\/index.php\/wp-json\/wp\/v2\/pages\/29","targetHints":{"allow":["GET"]}}],"collection":[{"href":"https:\/\/touchupestetik.com\/index.php\/wp-json\/wp\/v2\/pages"}],"about":[{"href":"https:\/\/touchupestetik.com\/index.php\/wp-json\/wp\/v2\/types\/page"}],"author":[{"embeddable":true,"href":"https:\/\/touchupestetik.com\/index.php\/wp-json\/wp\/v2\/users\/1"}],"replies":[{"embeddable":true,"href":"https:\/\/touchupestetik.com\/index.php\/wp-json\/wp\/v2\/comments?post=29"}],"version-history":[{"count":0,"href":"https:\/\/touchupestetik.com\/index.php\/wp-json\/wp\/v2\/pages\/29\/revisions"}],"wp:attachment":[{"href":"https:\/\/touchupestetik.com\/index.php\/wp-json\/wp\/v2\/media?parent=29"}],"curies":[{"name":"wp","href":"https:\/\/api.w.org\/{rel}","templated":true}]}}