{"id":3583,"date":"2025-09-20T21:46:10","date_gmt":"2025-09-20T18:46:10","guid":{"rendered":"https:\/\/touchupestetik.com\/?post_type=product&#038;p=3583"},"modified":"2025-09-20T21:49:56","modified_gmt":"2025-09-20T18:49:56","slug":"lypoaran-exo-cream-50-ml","status":"publish","type":"product","link":"https:\/\/touchupestetik.com\/index.php\/product\/lypoaran-exo-cream-50-ml\/","title":{"rendered":"Lypoaran Exo Cream 50 ml"},"content":{"rendered":"<p style=\"font-weight: 400;\"><strong style=\"font-weight: 600; font-style: inherit;\">Lypoaran Exo\u00a0 \u0130\u00e7erikler<\/strong><\/p>\n<p style=\"font-weight: 400;\"><strong style=\"font-weight: 600; font-style: inherit;\"><em>Cilt Gen\u00e7le\u015ftirme<\/em><\/strong><br \/>\n&#8211; Fito\u00f6strojen, Kudzu Eksozom<\/p>\n<p style=\"font-weight: 400;\">-S\u00fcper Antioksidan, (100% Saf Alfa-Lipoik Asit)<\/p>\n<p style=\"font-weight: 400;\"><strong style=\"font-weight: 600; font-style: inherit;\"><em>Doku Sa\u011fl\u0131\u011f\u0131<\/em><br \/>\n<\/strong>&#8211; Adenozin<\/p>\n<p style=\"font-weight: 400;\"><strong style=\"font-weight: 600; font-style: inherit;\"><em>Cilt Yenileme &amp; Penetrasyon<\/em><br \/>\n<\/strong>&#8211; Alfa-lipoik asit<br \/>\n&#8211; Su &amp; Ya\u011fda \u00c7\u00f6z\u00fcnebilir<\/p>\n<p style=\"font-weight: 400;\"><strong style=\"font-weight: 600; font-style: inherit;\"><em>Ton E\u015fitleme<\/em><\/strong><\/p>\n<p style=\"font-weight: 400;\"><span dir=\"auto\" style=\"vertical-align: inherit;\"><span dir=\"auto\" style=\"vertical-align: inherit;\">&#8211; Traneksamik Asit <\/span><\/span><br \/>\n<span dir=\"auto\" style=\"vertical-align: inherit;\"><span dir=\"auto\" style=\"vertical-align: inherit;\">&#8211; Niacinamid<\/span><\/span><\/p>\n<p style=\"font-weight: 400;\"><strong style=\"font-weight: 600; font-style: inherit;\"><em>Nemlendirme<\/em><br \/>\n<\/strong>&#8211; Seramid<\/p>\n","protected":false},"excerpt":{"rendered":"<p>Cildin gen\u00e7lik haf\u0131zas\u0131n\u0131 tazelemeye yard\u0131mc\u0131 olmak amac\u0131yla patentli Kudzu eksozomlar\u0131 i\u00e7eren Lypoaran Exo Cream, bitkisel \u00f6strojen deste\u011fi sunar. % 100 saf alfa lipoik asit ile form\u00fcle edilmi\u015f bu krem, cildinizi beyazlatarak ayn\u0131 zamanda g\u00fc\u00e7l\u00fc i\u00e7eri\u011fi ile derinlemesine nemlendirir ve k\u0131r\u0131\u015f\u0131kl\u0131klar\u0131 \u00f6nlemeye yard\u0131mc\u0131 olan \u00fcst\u00fcn antioksidan \u00f6zellikler ta\u015f\u0131r. Cilde \u0131\u015f\u0131lt\u0131l\u0131 ve canl\u0131 bir g\u00f6r\u00fcn\u00fcm kazand\u0131ran Lypoaran, seramidlerle zenginle\u015ftirilmi\u015f antioksidan kompleksinin cilde n\u00fcfuz etmesine yard\u0131mc\u0131 olman\u0131n yan\u0131 s\u0131ra cilt bariyerini korumada da etkilidir.<\/p>\n","protected":false},"featured_media":3581,"comment_status":"open","ping_status":"closed","template":"","meta":{"_monsterinsights_skip_tracking":false,"_monsterinsights_sitenote_active":false,"_monsterinsights_sitenote_note":"","_monsterinsights_sitenote_category":0},"product_brand":[],"product_cat":[61],"product_tag":[],"class_list":{"0":"post-3583","1":"product","2":"type-product","3":"status-publish","4":"has-post-thumbnail","6":"product_cat-nemlendirici-ve-onarici-kremler","9":"instock","10":"shipping-taxable","11":"product-type-simple","12":"product-grid-view"},"aioseo_notices":[],"_links":{"self":[{"href":"https:\/\/touchupestetik.com\/index.php\/wp-json\/wp\/v2\/product\/3583","targetHints":{"allow":["GET"]}}],"collection":[{"href":"https:\/\/touchupestetik.com\/index.php\/wp-json\/wp\/v2\/product"}],"about":[{"href":"https:\/\/touchupestetik.com\/index.php\/wp-json\/wp\/v2\/types\/product"}],"replies":[{"embeddable":true,"href":"https:\/\/touchupestetik.com\/index.php\/wp-json\/wp\/v2\/comments?post=3583"}],"wp:featuredmedia":[{"embeddable":true,"href":"https:\/\/touchupestetik.com\/index.php\/wp-json\/wp\/v2\/media\/3581"}],"wp:attachment":[{"href":"https:\/\/touchupestetik.com\/index.php\/wp-json\/wp\/v2\/media?parent=3583"}],"wp:term":[{"taxonomy":"product_brand","embeddable":true,"href":"https:\/\/touchupestetik.com\/index.php\/wp-json\/wp\/v2\/product_brand?post=3583"},{"taxonomy":"product_cat","embeddable":true,"href":"https:\/\/touchupestetik.com\/index.php\/wp-json\/wp\/v2\/product_cat?post=3583"},{"taxonomy":"product_tag","embeddable":true,"href":"https:\/\/touchupestetik.com\/index.php\/wp-json\/wp\/v2\/product_tag?post=3583"}],"curies":[{"name":"wp","href":"https:\/\/api.w.org\/{rel}","templated":true}]}}