{"id":3594,"date":"2025-09-20T22:14:39","date_gmt":"2025-09-20T19:14:39","guid":{"rendered":"https:\/\/touchupestetik.com\/?post_type=product&#038;p=3594"},"modified":"2025-09-20T22:15:01","modified_gmt":"2025-09-20T19:15:01","slug":"lipoderm-plus-losyon","status":"publish","type":"product","link":"https:\/\/touchupestetik.com\/index.php\/product\/lipoderm-plus-losyon\/","title":{"rendered":"Lipoderm Plus Losyon"},"content":{"rendered":"<p><strong>UYGULAMA ALANLARI<\/strong><\/p>\n<p>Lazer epilasyon ve uygulamalardan sonra cildin nemlendirilip, yumu\u015fat\u0131lmas\u0131.<\/p>\n<p><strong>UYGULAMA \u015eEKL\u0130<\/strong><\/p>\n<p>Kozmetik uygulamalardan sonra v\u00fccudunuza sabah-ak\u015fam uygulay\u0131n\u0131z.<\/p>\n<p><strong>UYARILAR<\/strong><\/p>\n<p>Haricen kullan\u0131l\u0131r. G\u00f6zle temas\u0131ndan ka\u00e7\u0131n\u0131n\u0131z. 15-25\u00b0 C aras\u0131nda oda s\u0131cakl\u0131\u011f\u0131nda, nemsiz ortamda \u00e7ocuklar\u0131n ula\u015famayaca\u011f\u0131 yerde saklay\u0131n\u0131z.<\/p>\n<p><strong>SAKLAMA KO\u015eULLARI<\/strong><\/p>\n<p>MEDITECH Lipoderm Plus Losyon 15C\u2070-25C\u2070 aras\u0131nda nemsiz ortamda, \u00e7ocuklar\u0131n ula\u015famayaca\u011f\u0131 g\u00fcvenli bir yerde saklanmal\u0131d\u0131r.<\/p>\n<p><strong>T\u0130CAR\u0130 TAKD\u0130M \u015eEKL\u0130<\/strong><\/p>\n<p>MEDITECH Lipoderm Plus Losyon 300ml\u2019lik ambalajlarda kullan\u0131ma sunulmaktad\u0131r<\/p>\n","protected":false},"excerpt":{"rendered":"<p>Hyaluronik Asit \u00c7ok g\u00fc\u00e7l\u00fc bir humektan ve anti-aging ajand\u0131r. Cildin nemlenmesinde etkilidir. D\u00fc\u015f\u00fck nem ortam\u0131nda epidermis ve dermisten su \u00e7ekerek Stratum Corneum\u2019un hidrasyonunu sa\u011flar. \u00dcre, v\u00fccudumuzda bulunan do\u011fal nemlendirici fakt\u00f6rlerden birisidir. Cildin elastikiyetini artt\u0131r\u0131r. Gen\u00e7, sa\u011fl\u0131kl\u0131 ve \u0131\u015f\u0131lt\u0131l\u0131 bir g\u00f6r\u00fcn\u00fcm kazand\u0131r\u0131r. Caprylic \/ Capric Trigliser\u0130d Palm a\u011fac\u0131ndan elde edilen ya\u011f asitleridir. \u00c7ok g\u00fc\u00e7l\u00fc nemlendirme \u00f6zelli\u011fine sahiptir. Kuru ve \u00e7ok kuru cilt tipleri i\u00e7in uygundur. Ya\u011f i\u00e7inde su em\u00fclsiyonudu<\/p>\n","protected":false},"featured_media":3595,"comment_status":"open","ping_status":"closed","template":"","meta":{"_monsterinsights_skip_tracking":false,"_monsterinsights_sitenote_active":false,"_monsterinsights_sitenote_note":"","_monsterinsights_sitenote_category":0},"product_brand":[62],"product_cat":[61],"product_tag":[],"class_list":{"0":"post-3594","1":"product","2":"type-product","3":"status-publish","4":"has-post-thumbnail","6":"product_brand-lipoderm","7":"product_cat-nemlendirici-ve-onarici-kremler","10":"instock","11":"shipping-taxable","12":"product-type-simple","13":"product-grid-view"},"aioseo_notices":[],"_links":{"self":[{"href":"https:\/\/touchupestetik.com\/index.php\/wp-json\/wp\/v2\/product\/3594","targetHints":{"allow":["GET"]}}],"collection":[{"href":"https:\/\/touchupestetik.com\/index.php\/wp-json\/wp\/v2\/product"}],"about":[{"href":"https:\/\/touchupestetik.com\/index.php\/wp-json\/wp\/v2\/types\/product"}],"replies":[{"embeddable":true,"href":"https:\/\/touchupestetik.com\/index.php\/wp-json\/wp\/v2\/comments?post=3594"}],"wp:featuredmedia":[{"embeddable":true,"href":"https:\/\/touchupestetik.com\/index.php\/wp-json\/wp\/v2\/media\/3595"}],"wp:attachment":[{"href":"https:\/\/touchupestetik.com\/index.php\/wp-json\/wp\/v2\/media?parent=3594"}],"wp:term":[{"taxonomy":"product_brand","embeddable":true,"href":"https:\/\/touchupestetik.com\/index.php\/wp-json\/wp\/v2\/product_brand?post=3594"},{"taxonomy":"product_cat","embeddable":true,"href":"https:\/\/touchupestetik.com\/index.php\/wp-json\/wp\/v2\/product_cat?post=3594"},{"taxonomy":"product_tag","embeddable":true,"href":"https:\/\/touchupestetik.com\/index.php\/wp-json\/wp\/v2\/product_tag?post=3594"}],"curies":[{"name":"wp","href":"https:\/\/api.w.org\/{rel}","templated":true}]}}