{"id":3597,"date":"2025-09-21T07:36:55","date_gmt":"2025-09-21T04:36:55","guid":{"rendered":"https:\/\/touchupestetik.com\/?post_type=product&#038;p=3597"},"modified":"2025-09-21T07:43:36","modified_gmt":"2025-09-21T04:43:36","slug":"bbc-blemish-balm-cream-50-ml","status":"publish","type":"product","link":"https:\/\/touchupestetik.com\/index.php\/product\/bbc-blemish-balm-cream-50-ml\/","title":{"rendered":"BBC (Blemish Balm Cream) 50 ml"},"content":{"rendered":"<p>&nbsp;<\/p>\n<div class=\"snipcss-akSRI\">\n<div class=\"product-details row\">\n<div class=\"col-12 px-4\">\n<div class=\"row\">\n<div class=\"col-12 col-md-7 product-action-panel\">\n<div class=\"row\">\n<div class=\"px-0 px-md-4\">\n<div class=\"tab-detail tab-detail--active product-detail-description md-output mobil-div\">\n<div class=\"content-holder mt-4\">\n<p><strong>BBC Blemish Balm Krem Aktif \u0130\u00e7erik<\/strong><\/p>\n<ul>\n<li>Arbutin<\/li>\n<li>Allantoin<\/li>\n<li>Adenozin<\/li>\n<li>Cera Alba<\/li>\n<li>Demir Oksit<\/li>\n<li>Titanyum Dioksit<\/li>\n<li>Rumex crispus\u00a0(K\u0131v\u0131rc\u0131k labada) K\u00f6k Ekstrakt\u0131<\/li>\n<li>Phaseolus radiatus\u00a0(Ma\u015f Fasulyesi) Ekstrakt\u0131<\/li>\n<li>Eucalyptus globulus\u00a0(Mavi Okaliptus) Yapra\u011f\u0131 Ya\u011f\u0131<\/li>\n<li>Betula platyphylla\u00a0(Japon Beyaz Hu\u015f A\u011fac\u0131) Kabu\u011fu Ekstrakt\u0131<\/li>\n<\/ul>\n<p><strong>BBC Renkli G\u00fcne\u015f Koruyucu Kullan\u0131m\u0131<\/strong>G\u00fcnl\u00fck olarak y\u00fcz, boyun, dekolte ve s\u0131kl\u0131kla g\u00fcne\u015f \u0131\u015f\u0131nlar\u0131na maruz kalan alanlara ince bir tabaka halinde uygulay\u0131n ve parmaklar\u0131n\u0131zla hafif\u00e7e yay\u0131n.<br \/>\n<strong>T\u00fcm cilt tiplerine uygundur.<\/strong><\/p>\n<\/div>\n<\/div>\n<\/div>\n<\/div>\n<\/div>\n<\/div>\n<\/div>\n<\/div>\n<\/div>\n<p>&nbsp;<\/p>\n","protected":false},"excerpt":{"rendered":"<p>BBC renkli g\u00fcne\u015f koruyucu krem, cildinizi UVA ve UVB \u0131\u015f\u0131nlar\u0131na kar\u015f\u0131 korumaya yard\u0131mc\u0131 balm kremdir. \u0130\u00e7eri\u011findeki arbutin ile lekelerin olu\u015fmas\u0131n\u0131 \u00f6nlemeye yard\u0131mc\u0131 olur. Ayr\u0131ca cilt rengine uyumlu renkli yap\u0131s\u0131 ile cildi p\u00fcr\u00fczs\u00fczle\u015ftirmeye, daha parlak ve canl\u0131 g\u00f6r\u00fcnmesine destek verir. Renkli yap\u0131s\u0131n\u0131 demir oksitten al\u0131r.<\/p>\n","protected":false},"featured_media":3598,"comment_status":"open","ping_status":"closed","template":"","meta":{"_monsterinsights_skip_tracking":false,"_monsterinsights_sitenote_active":false,"_monsterinsights_sitenote_note":"","_monsterinsights_sitenote_category":0},"product_brand":[59],"product_cat":[57],"product_tag":[],"class_list":{"0":"post-3597","1":"product","2":"type-product","3":"status-publish","4":"has-post-thumbnail","6":"product_brand-genosys","7":"product_cat-gunes-koruyucu","10":"instock","11":"shipping-taxable","12":"product-type-simple","13":"product-grid-view"},"aioseo_notices":[],"_links":{"self":[{"href":"https:\/\/touchupestetik.com\/index.php\/wp-json\/wp\/v2\/product\/3597","targetHints":{"allow":["GET"]}}],"collection":[{"href":"https:\/\/touchupestetik.com\/index.php\/wp-json\/wp\/v2\/product"}],"about":[{"href":"https:\/\/touchupestetik.com\/index.php\/wp-json\/wp\/v2\/types\/product"}],"replies":[{"embeddable":true,"href":"https:\/\/touchupestetik.com\/index.php\/wp-json\/wp\/v2\/comments?post=3597"}],"wp:featuredmedia":[{"embeddable":true,"href":"https:\/\/touchupestetik.com\/index.php\/wp-json\/wp\/v2\/media\/3598"}],"wp:attachment":[{"href":"https:\/\/touchupestetik.com\/index.php\/wp-json\/wp\/v2\/media?parent=3597"}],"wp:term":[{"taxonomy":"product_brand","embeddable":true,"href":"https:\/\/touchupestetik.com\/index.php\/wp-json\/wp\/v2\/product_brand?post=3597"},{"taxonomy":"product_cat","embeddable":true,"href":"https:\/\/touchupestetik.com\/index.php\/wp-json\/wp\/v2\/product_cat?post=3597"},{"taxonomy":"product_tag","embeddable":true,"href":"https:\/\/touchupestetik.com\/index.php\/wp-json\/wp\/v2\/product_tag?post=3597"}],"curies":[{"name":"wp","href":"https:\/\/api.w.org\/{rel}","templated":true}]}}