{"id":3599,"date":"2025-09-21T07:39:45","date_gmt":"2025-09-21T04:39:45","guid":{"rendered":"https:\/\/touchupestetik.com\/?post_type=product&#038;p=3599"},"modified":"2025-09-21T07:43:12","modified_gmt":"2025-09-21T04:43:12","slug":"sbt-snow-booster-tonic-200-ml","status":"publish","type":"product","link":"https:\/\/touchupestetik.com\/index.php\/product\/sbt-snow-booster-tonic-200-ml\/","title":{"rendered":"SBT (Snow Booster Tonic) 200 ml"},"content":{"rendered":"<p><strong>Snow Booster Tonik \u0130\u00e7erikler\u00a0<\/strong><\/p>\n<ul>\n<li>Betain<\/li>\n<li>Beta Glukan<\/li>\n<li>Sitrik Asit<\/li>\n<li>Laktik Asit<\/li>\n<li>Lactobacillus\/Pumpkin Ferment Ekstrakt\u0131<\/li>\n<li>Citrus paradisi\u00a0(Greyfurt) Ekstrakt\u0131<\/li>\n<li>Nelumbo nucifera\u00a0(Lotus) \u00c7i\u00e7e\u011fi Ekstrakt\u0131<\/li>\n<li>Prunus mume\u00a0(Japon Kay\u0131s\u0131s\u0131) Meyvesi Ekstrakt\u0131<\/li>\n<\/ul>\n<p><strong>Snow Booster Tonik\u00a0Kullan\u0131m\u0131<\/strong><\/p>\n<p>Sprey formu sayesinde iste\u011fe ba\u011fl\u0131 direkt y\u00fcze spreyleyerek veya pamuk yard\u0131m\u0131yla uygulanabilir. Snow Booster Tonik i\u00e7eri\u011fideki NMF&#8217; ler (Do\u011fal Nemlendirici Fakt\u00f6rler) sayesinde nemi cilde hapsetmeye yard\u0131mc\u0131 olur.<\/p>\n<p><strong>T\u00fcm cilt tiplerine uygundur.<\/strong><\/p>\n","protected":false},"excerpt":{"rendered":"<p>Snow Booster Tonik, g\u00f6zenekleri geni\u015flemesini \u00f6nlemeye ve\u00a0cildi esnek tutmaya yard\u0131mc\u0131 \u00f6zel bir toniktir. Cilde tazelik vermeye, nemlendirmeye,\u00a0cilt pH&#8217; \u0131n\u0131 dengelemeye yard\u0131mc\u0131 olur. Sprey formuyla kullan\u0131m\u0131 son derece kolayd\u0131r.\u00a0\u0130\u00e7eri\u011findeki maddeler ile bir sonraki \u00fcr\u00fcn\u00fcn emilimini artt\u0131rmaya yard\u0131mc\u0131 olur.<\/p>\n","protected":false},"featured_media":3600,"comment_status":"open","ping_status":"closed","template":"","meta":{"_monsterinsights_skip_tracking":false,"_monsterinsights_sitenote_active":false,"_monsterinsights_sitenote_note":"","_monsterinsights_sitenote_category":0},"product_brand":[59],"product_cat":[63],"product_tag":[],"class_list":{"0":"post-3599","1":"product","2":"type-product","3":"status-publish","4":"has-post-thumbnail","6":"product_brand-genosys","7":"product_cat-temizleyici-ve-tonikler","10":"instock","11":"shipping-taxable","12":"product-type-simple","13":"product-grid-view"},"aioseo_notices":[],"_links":{"self":[{"href":"https:\/\/touchupestetik.com\/index.php\/wp-json\/wp\/v2\/product\/3599","targetHints":{"allow":["GET"]}}],"collection":[{"href":"https:\/\/touchupestetik.com\/index.php\/wp-json\/wp\/v2\/product"}],"about":[{"href":"https:\/\/touchupestetik.com\/index.php\/wp-json\/wp\/v2\/types\/product"}],"replies":[{"embeddable":true,"href":"https:\/\/touchupestetik.com\/index.php\/wp-json\/wp\/v2\/comments?post=3599"}],"wp:featuredmedia":[{"embeddable":true,"href":"https:\/\/touchupestetik.com\/index.php\/wp-json\/wp\/v2\/media\/3600"}],"wp:attachment":[{"href":"https:\/\/touchupestetik.com\/index.php\/wp-json\/wp\/v2\/media?parent=3599"}],"wp:term":[{"taxonomy":"product_brand","embeddable":true,"href":"https:\/\/touchupestetik.com\/index.php\/wp-json\/wp\/v2\/product_brand?post=3599"},{"taxonomy":"product_cat","embeddable":true,"href":"https:\/\/touchupestetik.com\/index.php\/wp-json\/wp\/v2\/product_cat?post=3599"},{"taxonomy":"product_tag","embeddable":true,"href":"https:\/\/touchupestetik.com\/index.php\/wp-json\/wp\/v2\/product_tag?post=3599"}],"curies":[{"name":"wp","href":"https:\/\/api.w.org\/{rel}","templated":true}]}}