{"id":3601,"date":"2025-09-21T07:41:51","date_gmt":"2025-09-21T04:41:51","guid":{"rendered":"https:\/\/touchupestetik.com\/?post_type=product&#038;p=3601"},"modified":"2025-09-21T07:42:15","modified_gmt":"2025-09-21T04:42:15","slug":"sws-skin-whitening-serum-30-ml","status":"publish","type":"product","link":"https:\/\/touchupestetik.com\/index.php\/product\/sws-skin-whitening-serum-30-ml\/","title":{"rendered":"SWS (Skin Whitening Serum) 30 ml"},"content":{"rendered":"<p><strong>SWS Skin Whitening Serum Aktif \u0130\u00e7erikler<\/strong><\/p>\n<ul>\n<li>Niasinamid<\/li>\n<li>Betain<\/li>\n<li>Beta Glukan<\/li>\n<li>Lactobacillus\/Pumpkin Ferment Ekstrakt\u0131<\/li>\n<li>Glycyrrhiza glabra\u00a0(Meyan K\u00f6k\u00fc) K\u00f6k Ekstrakt\u0131<\/li>\n<li>Cnidium officinale\u00a0K\u00f6k Ekstrakt\u0131<\/li>\n<li>Phaseolus radiatus\u00a0(Ma\u015f Fasulyesi) Ekstrakt\u0131<\/li>\n<\/ul>\n<p><strong>SWS Skin Whitening Serum Kullan\u0131m\u0131<\/strong><\/p>\n<p>Snow O<sub>2<\/sub>\u00a0Cleanser ile temizlenmi\u015f cildinize uygulay\u0131n\u0131z. Masaj ile uygulamak \u00fcr\u00fcn\u00fcn etkisini artt\u0131rman\u0131z\u0131 sa\u011flayacakt\u0131r.<\/p>\n","protected":false},"excerpt":{"rendered":"<p>SWS cilt beyazlat\u0131c\u0131 serum, leke \u00f6nlemeye yard\u0131mc\u0131 serumdur. \u0130\u00e7eri\u011findeki niasinamid ile cilt tonunu e\u015fitlemeye yard\u0131mc\u0131 olur ayr\u0131ca i\u00e7eri\u011finde\u00a0fermente balkaba\u011f\u0131 \u00f6z\u00fct\u00fc bulunur.<\/p>\n","protected":false},"featured_media":3602,"comment_status":"open","ping_status":"closed","template":"","meta":{"_monsterinsights_skip_tracking":false,"_monsterinsights_sitenote_active":false,"_monsterinsights_sitenote_note":"","_monsterinsights_sitenote_category":0},"product_brand":[59],"product_cat":[15],"product_tag":[],"class_list":{"0":"post-3601","1":"product","2":"type-product","3":"status-publish","4":"has-post-thumbnail","6":"product_brand-genosys","7":"product_cat-uncategorized","10":"instock","11":"shipping-taxable","12":"product-type-simple","13":"product-grid-view"},"aioseo_notices":[],"_links":{"self":[{"href":"https:\/\/touchupestetik.com\/index.php\/wp-json\/wp\/v2\/product\/3601","targetHints":{"allow":["GET"]}}],"collection":[{"href":"https:\/\/touchupestetik.com\/index.php\/wp-json\/wp\/v2\/product"}],"about":[{"href":"https:\/\/touchupestetik.com\/index.php\/wp-json\/wp\/v2\/types\/product"}],"replies":[{"embeddable":true,"href":"https:\/\/touchupestetik.com\/index.php\/wp-json\/wp\/v2\/comments?post=3601"}],"wp:featuredmedia":[{"embeddable":true,"href":"https:\/\/touchupestetik.com\/index.php\/wp-json\/wp\/v2\/media\/3602"}],"wp:attachment":[{"href":"https:\/\/touchupestetik.com\/index.php\/wp-json\/wp\/v2\/media?parent=3601"}],"wp:term":[{"taxonomy":"product_brand","embeddable":true,"href":"https:\/\/touchupestetik.com\/index.php\/wp-json\/wp\/v2\/product_brand?post=3601"},{"taxonomy":"product_cat","embeddable":true,"href":"https:\/\/touchupestetik.com\/index.php\/wp-json\/wp\/v2\/product_cat?post=3601"},{"taxonomy":"product_tag","embeddable":true,"href":"https:\/\/touchupestetik.com\/index.php\/wp-json\/wp\/v2\/product_tag?post=3601"}],"curies":[{"name":"wp","href":"https:\/\/api.w.org\/{rel}","templated":true}]}}