{"id":3607,"date":"2025-09-21T07:50:39","date_gmt":"2025-09-21T04:50:39","guid":{"rendered":"https:\/\/touchupestetik.com\/?post_type=product&#038;p=3607"},"modified":"2025-09-21T07:50:39","modified_gmt":"2025-09-21T04:50:39","slug":"snow-o2-cleanser-180-ml","status":"publish","type":"product","link":"https:\/\/touchupestetik.com\/index.php\/product\/snow-o2-cleanser-180-ml\/","title":{"rendered":"Snow O2 Cleanser 180 ml"},"content":{"rendered":"<p><strong>Snow O<sub>2<\/sub>\u00a0Cleanser \u0130\u00e7erikler<\/strong><\/p>\n<ul>\n<li>Pueraria lobata\u00a0(Kudzu) K\u00f6k Ekstrakt\u0131<\/li>\n<li>Betula platyphylla\u00a0(Japon Beyaz Hu\u015f A\u011fac\u0131) Kabu\u011fu Ekstrakt\u0131<\/li>\n<li>Punica granatum\u00a0(Nar) Ekstrakt\u0131<\/li>\n<li>Polygonum cuspidatum\u00a0(Japon Mad\u0131ma\u011f\u0131) K\u00f6k Ekstrakt\u0131<\/li>\n<\/ul>\n<p><strong>Snow O<sub>2<\/sub>\u00a0Cleanser Kullan\u0131m\u0131<\/strong><\/p>\n<p>Cildiniz ve elleriniz kuruyken bir pompa Snow O<sub>2<\/sub>\u00a0Cleanser \u00fcr\u00fcn\u00fcn\u00fc\u00a0t\u00fcm cildi kaplayacak \u015fekilde uygulay\u0131n\u0131z. Uygulamadan sonra i\u00e7eri\u011findeki oksijen baloncuklar\u0131n\u0131 g\u00f6receksiniz. Oksijen baloncuklar\u0131 cildi ferahlatmaya yard\u0131mc\u0131 olurken\u00a0cilt y\u00fczeyindeki makyaj ve kir tabakas\u0131n\u0131n d\u0131\u015far\u0131 \u00e7\u0131kmas\u0131na destek verir.\u00a030 saniye sonra ellerinizi \u0131slatarak cildinize masaj yap\u0131n\u0131z. Bu a\u015fama temizleyicinin formunun de\u011fi\u015fmesine ve ciltte ayd\u0131nlat\u0131c\u0131 etki g\u00f6stermesine yard\u0131mc\u0131 olur. Daha sonra bol su ile durulay\u0131n\u0131z.<\/p>\n<p><strong>T\u00fcm ciltler i\u00e7in ortak temizleyicidir.<\/strong><\/p>\n","protected":false},"excerpt":{"rendered":"<p>Snow O<sub>2<\/sub>\u00a0Cleanser, oksijen baloncuklar\u0131 ile g\u00f6zeneklere derinlemesine n\u00fcfuz ederek ciltteki kir ve makyaj at\u0131klar\u0131n\u0131n tamamen ortadan kald\u0131r\u0131lmas\u0131na yard\u0131mc\u0131 olan \u00f6zel bir cilt temizleme \u00fcr\u00fcn\u00fcd\u00fcr. \u0130\u00e7eri\u011findeki maddeler ile cildinizi i\u00e7ten d\u0131\u015fa temizlemeye ve yap\u0131land\u0131rmaya yard\u0131mc\u0131 olur.<\/p>\n","protected":false},"featured_media":3608,"comment_status":"open","ping_status":"closed","template":"","meta":{"_monsterinsights_skip_tracking":false,"_monsterinsights_sitenote_active":false,"_monsterinsights_sitenote_note":"","_monsterinsights_sitenote_category":0},"product_brand":[59],"product_cat":[63],"product_tag":[],"class_list":{"0":"post-3607","1":"product","2":"type-product","3":"status-publish","4":"has-post-thumbnail","6":"product_brand-genosys","7":"product_cat-temizleyici-ve-tonikler","10":"instock","11":"shipping-taxable","12":"product-type-simple","13":"product-grid-view"},"aioseo_notices":[],"_links":{"self":[{"href":"https:\/\/touchupestetik.com\/index.php\/wp-json\/wp\/v2\/product\/3607","targetHints":{"allow":["GET"]}}],"collection":[{"href":"https:\/\/touchupestetik.com\/index.php\/wp-json\/wp\/v2\/product"}],"about":[{"href":"https:\/\/touchupestetik.com\/index.php\/wp-json\/wp\/v2\/types\/product"}],"replies":[{"embeddable":true,"href":"https:\/\/touchupestetik.com\/index.php\/wp-json\/wp\/v2\/comments?post=3607"}],"wp:featuredmedia":[{"embeddable":true,"href":"https:\/\/touchupestetik.com\/index.php\/wp-json\/wp\/v2\/media\/3608"}],"wp:attachment":[{"href":"https:\/\/touchupestetik.com\/index.php\/wp-json\/wp\/v2\/media?parent=3607"}],"wp:term":[{"taxonomy":"product_brand","embeddable":true,"href":"https:\/\/touchupestetik.com\/index.php\/wp-json\/wp\/v2\/product_brand?post=3607"},{"taxonomy":"product_cat","embeddable":true,"href":"https:\/\/touchupestetik.com\/index.php\/wp-json\/wp\/v2\/product_cat?post=3607"},{"taxonomy":"product_tag","embeddable":true,"href":"https:\/\/touchupestetik.com\/index.php\/wp-json\/wp\/v2\/product_tag?post=3607"}],"curies":[{"name":"wp","href":"https:\/\/api.w.org\/{rel}","templated":true}]}}