{"id":3611,"date":"2025-09-21T07:55:29","date_gmt":"2025-09-21T04:55:29","guid":{"rendered":"https:\/\/touchupestetik.com\/?post_type=product&#038;p=3611"},"modified":"2025-09-21T07:55:29","modified_gmt":"2025-09-21T04:55:29","slug":"skin-defender-lip-eye-make-up-remover","status":"publish","type":"product","link":"https:\/\/touchupestetik.com\/index.php\/product\/skin-defender-lip-eye-make-up-remover\/","title":{"rendered":"Skin Defender Lip &#038; Eye Make Up Remover"},"content":{"rendered":"<p><strong>Skin Defender Lip &amp; Eye Make Up Remover\u00a0<\/strong><\/p>\n<p><strong>Ya\u011f Faz\u0131<\/strong><\/p>\n<ul>\n<li>Lavandula angustifolia\u00a0(Lavanta) Ya\u011f\u0131<\/li>\n<li>Camellia japonica\u00a0(Japon Kamelyas\u0131) Tohumu Ya\u011f\u0131<\/li>\n<li>Lithospermum erythrorhizon\u00a0(\u0130nciotu) K\u00f6k\u00fc Ya\u011f\u0131<\/li>\n<\/ul>\n<p><strong>Esans Faz\u0131<\/strong><\/p>\n<ul>\n<li>Palmitoil Tripeptit-1<\/li>\n<li>Palmitoil Tetrapeptit-7<\/li>\n<li>Nane Kompleksi (Mentha piperita\u00a0+\u00a0Mentha aquatica\u00a0+\u00a0Mentha rotundifolia\u00a0Yapra\u011f\u0131 Ekstrakt\u0131)<\/li>\n<\/ul>\n<p><strong>\u00c7ift Fazl\u0131 Makyaj Temizleme Sol\u00fcsyonu Kullan\u0131m\u0131\u00a0<\/strong><\/p>\n<p>Ya\u011f ve esans faz\u0131 tamamen kar\u0131\u015f\u0131ncaya kadar \u00e7alkalay\u0131n\u0131z. Pamuk yard\u0131m\u0131yla g\u00f6z veya dudak b\u00f6lgesini 3-4 saniye bekleterek nazik\u00e7e temizleyebilirsiniz.<\/p>\n<p><strong>T\u00fcm cilt tiplerine uygundur.<\/strong><\/p>\n","protected":false},"excerpt":{"rendered":"<p>Skin Defender Lip &amp; Eye Make Up Remover<strong>\u00a0<\/strong>makyaj temizleme sol\u00fcsyonu, esans ve ya\u011f fazlar\u0131ndan olu\u015fur, \u00e7ift fazl\u0131 form\u00fclasyonu sayesinde dudak ve g\u00f6z makyaj\u0131n\u0131z\u0131 nazik\u00e7e temizlemeye yard\u0131mc\u0131 olur. \u0130\u00e7erisinde bulunan peptit yap\u0131lar sayesinde makyaj\u0131 temizlerken bir yandan da cildin yap\u0131land\u0131r\u0131lmas\u0131n\u0131, kirpiklerin beslenmesini ve g\u00f6z \u00e7evrenizdeki ince k\u0131r\u0131\u015f\u0131kl\u0131klar\u0131n giderilmesini destekler. Ya\u011f faz\u0131 suya dayan\u0131kl\u0131 makyaj\u0131 ve t\u00fcm makyaj kal\u0131nt\u0131lar\u0131n\u0131 cildi tahri\u015f etmeden nazik bir \u015fekilde ar\u0131nd\u0131rmaya yard\u0131mc\u0131 olur.<\/p>\n","protected":false},"featured_media":3612,"comment_status":"open","ping_status":"closed","template":"","meta":{"_monsterinsights_skip_tracking":false,"_monsterinsights_sitenote_active":false,"_monsterinsights_sitenote_note":"","_monsterinsights_sitenote_category":0},"product_brand":[59],"product_cat":[63],"product_tag":[],"class_list":{"0":"post-3611","1":"product","2":"type-product","3":"status-publish","4":"has-post-thumbnail","6":"product_brand-genosys","7":"product_cat-temizleyici-ve-tonikler","10":"instock","11":"shipping-taxable","12":"product-type-simple","13":"product-grid-view"},"aioseo_notices":[],"_links":{"self":[{"href":"https:\/\/touchupestetik.com\/index.php\/wp-json\/wp\/v2\/product\/3611","targetHints":{"allow":["GET"]}}],"collection":[{"href":"https:\/\/touchupestetik.com\/index.php\/wp-json\/wp\/v2\/product"}],"about":[{"href":"https:\/\/touchupestetik.com\/index.php\/wp-json\/wp\/v2\/types\/product"}],"replies":[{"embeddable":true,"href":"https:\/\/touchupestetik.com\/index.php\/wp-json\/wp\/v2\/comments?post=3611"}],"wp:featuredmedia":[{"embeddable":true,"href":"https:\/\/touchupestetik.com\/index.php\/wp-json\/wp\/v2\/media\/3612"}],"wp:attachment":[{"href":"https:\/\/touchupestetik.com\/index.php\/wp-json\/wp\/v2\/media?parent=3611"}],"wp:term":[{"taxonomy":"product_brand","embeddable":true,"href":"https:\/\/touchupestetik.com\/index.php\/wp-json\/wp\/v2\/product_brand?post=3611"},{"taxonomy":"product_cat","embeddable":true,"href":"https:\/\/touchupestetik.com\/index.php\/wp-json\/wp\/v2\/product_cat?post=3611"},{"taxonomy":"product_tag","embeddable":true,"href":"https:\/\/touchupestetik.com\/index.php\/wp-json\/wp\/v2\/product_tag?post=3611"}],"curies":[{"name":"wp","href":"https:\/\/api.w.org\/{rel}","templated":true}]}}