{"id":3613,"date":"2025-09-21T07:57:44","date_gmt":"2025-09-21T04:57:44","guid":{"rendered":"https:\/\/touchupestetik.com\/?post_type=product&#038;p=3613"},"modified":"2025-09-21T07:57:44","modified_gmt":"2025-09-21T04:57:44","slug":"epi-turnover-boosting-peeling-gel-100-ml","status":"publish","type":"product","link":"https:\/\/touchupestetik.com\/index.php\/product\/epi-turnover-boosting-peeling-gel-100-ml\/","title":{"rendered":"Epi Turnover Boosting Peeling Gel 100 ml"},"content":{"rendered":"<p><strong>Epi Turnover Boosting Peeling \u0130\u00e7erik<\/strong><\/p>\n<ul>\n<li>Hyaluronik Asit<\/li>\n<li>Moringa pterygosperma\u00a0\u00c7ekirde\u011fi \u00d6z\u00fc<\/li>\n<li>Carica papaya\u00a0(Papaya) Meyve \u00d6z\u00fc<\/li>\n<li>Nelumbo nucifera\u00a0(Hint Lotusu) \u00c7i\u00e7ek Ekstrakt\u0131<\/li>\n<li>Prunus mume\u00a0(Japon kay\u0131s\u0131s\u0131) Meyve Ekstrakt\u0131<\/li>\n<li>Simmondsia chinensis\u00a0(Jojoba) \u00c7ekirde\u011fi Ya\u011f\u0131<\/li>\n<li>\u00c7\u00f6l Bitkileri Kompleksi:\u00a0Ficus carica\u00a0(\u0130ncir) Meyve Ekstrakt\u0131,\u00a0Phoenix dactylifera\u00a0(Hurma) Meyve Ekstrakt\u0131,\u00a0Opuntia coccinellifera\u00a0Meyve Ekstrakt\u0131,\u00a0Opuntia Ficus-indica\u00a0(Hint\u00a0inciri) K\u00f6k Ekstrakt\u0131,\u00a0Adansonia digitata\u00a0(Afrika Boabab\u0131) Tohum Ekstrakt\u0131.<\/li>\n<\/ul>\n<p><strong>Epi Turnover Boosting Peeling Jel Kullan\u0131m\u0131<\/strong><\/p>\n<p>\u00dcr\u00fcn\u00fc temiz, kuru cilde uygulay\u0131n\u0131z ve bir dakika boyunca dairesel hareketlerle nazik\u00e7e masaj yap\u0131n\u0131z. Topaklanan keratinize tabakay\u0131 \u0131l\u0131k suyla durulay\u0131n\u0131z. Diz, dirsek, topuk ve y\u00fcz dahil olmak \u00fczere v\u00fccudunuzda kullanabilirsiniz.<\/p>\n<p>\u00dcr\u00fcn\u00fcn haftada 1-2 kez kullan\u0131lmas\u0131 tavsiye edilir.<\/p>\n","protected":false},"excerpt":{"rendered":"<p><strong>Enzim Peeling +\u00a0Sel\u00fcloz Peeling<\/strong><\/p>\n<p>Epi Turnover Boosting Peeling Gel cilt y\u00fczeyinde birikmi\u015f keratinize tabakan\u0131n temizlenmesine yard\u0131mc\u0131 olan bir peeling jelidir. \u201cMucize A\u011fac\u0131\u201d olarak adland\u0131r\u0131lan Moringa cildi ar\u0131nd\u0131rmaya\u00a0ve beslemeye,\u00a0\u00e7\u00f6lden gelen bitki kompleksi ise cildi nemlendirmeye\u00a0ve p\u00fcr\u00fczs\u00fczle\u015ftirmeye yard\u0131mc\u0131 olur.<\/p>\n","protected":false},"featured_media":3614,"comment_status":"open","ping_status":"closed","template":"","meta":{"_monsterinsights_skip_tracking":false,"_monsterinsights_sitenote_active":false,"_monsterinsights_sitenote_note":"","_monsterinsights_sitenote_category":0},"product_brand":[59],"product_cat":[65],"product_tag":[],"class_list":{"0":"post-3613","1":"product","2":"type-product","3":"status-publish","4":"has-post-thumbnail","6":"product_brand-genosys","7":"product_cat-peelingler","10":"instock","11":"shipping-taxable","12":"product-type-simple","13":"product-grid-view"},"aioseo_notices":[],"_links":{"self":[{"href":"https:\/\/touchupestetik.com\/index.php\/wp-json\/wp\/v2\/product\/3613","targetHints":{"allow":["GET"]}}],"collection":[{"href":"https:\/\/touchupestetik.com\/index.php\/wp-json\/wp\/v2\/product"}],"about":[{"href":"https:\/\/touchupestetik.com\/index.php\/wp-json\/wp\/v2\/types\/product"}],"replies":[{"embeddable":true,"href":"https:\/\/touchupestetik.com\/index.php\/wp-json\/wp\/v2\/comments?post=3613"}],"wp:featuredmedia":[{"embeddable":true,"href":"https:\/\/touchupestetik.com\/index.php\/wp-json\/wp\/v2\/media\/3614"}],"wp:attachment":[{"href":"https:\/\/touchupestetik.com\/index.php\/wp-json\/wp\/v2\/media?parent=3613"}],"wp:term":[{"taxonomy":"product_brand","embeddable":true,"href":"https:\/\/touchupestetik.com\/index.php\/wp-json\/wp\/v2\/product_brand?post=3613"},{"taxonomy":"product_cat","embeddable":true,"href":"https:\/\/touchupestetik.com\/index.php\/wp-json\/wp\/v2\/product_cat?post=3613"},{"taxonomy":"product_tag","embeddable":true,"href":"https:\/\/touchupestetik.com\/index.php\/wp-json\/wp\/v2\/product_tag?post=3613"}],"curies":[{"name":"wp","href":"https:\/\/api.w.org\/{rel}","templated":true}]}}