{"id":3615,"date":"2025-09-21T08:00:32","date_gmt":"2025-09-21T05:00:32","guid":{"rendered":"https:\/\/touchupestetik.com\/?post_type=product&#038;p=3615"},"modified":"2025-09-22T17:29:47","modified_gmt":"2025-09-22T14:29:47","slug":"mfs-multi-functional-serum-30-ml","status":"publish","type":"product","link":"https:\/\/touchupestetik.com\/index.php\/product\/mfs-multi-functional-serum-30-ml\/","title":{"rendered":"MFS (Multi Functional Serum) 30 ml"},"content":{"rendered":"<p><strong>Multi Functional Serum Aktif \u0130\u00e7erikler<\/strong><\/p>\n<ul>\n<li>Bakuchiol<\/li>\n<li>Ya\u015flanma kar\u015f\u0131t\u0131 Peptit 6: Cildi s\u0131k\u0131la\u015ft\u0131ran ve k\u0131r\u0131\u015f\u0131kl\u0131klar\u0131 \u00f6nlemeye yard\u0131mc\u0131 peptit kompleksi. (Palmitoyl Tripeptit-5, Dipeptit-2, Palmitoyl Tetrapeptit &#8211; 7,\u00a0 Palmitoyl Tripeptit-1, Palmitoyl Hekzapeptit-12, Asetil Hekzapeptit-8 Kompleksi)<\/li>\n<li>Lipid Bariyer Lipozom: (Seramid NP Kompleksi, Kolesterol, Fitosfingosin)<\/li>\n<li>ECM Bile\u015fenleri: \u00a0(Kolajen Kompleksi, Elastin)<\/li>\n<li>Propolis \u00d6z\u00fc<\/li>\n<li>Adenozin<\/li>\n<li>Niasinamid<\/li>\n<\/ul>\n<p><strong>MFS K\u0131r\u0131\u015f\u0131kl\u0131k Kar\u015f\u0131t\u0131 Serum Kullan\u0131m\u0131<\/strong><\/p>\n<p>Snow O2 ile temizlenmi\u015f cilde \u00dcr\u00fcn\u00fc sabah\/ak\u015fam ve parmaklar\u0131n\u0131zla y\u00fcz\u00fcn\u00fcze hafif masaj yaparak uygulay\u0131n<\/p>\n","protected":false},"excerpt":{"rendered":"<p>K\u0131r\u0131\u015f\u0131kl\u0131k belirtilerini \u00d6NLEMEYE ve cilt s\u0131k\u0131l\u0131\u011f\u0131n\u0131 g\u00fc\u00e7lendirmeye yard\u0131mc\u0131 olan ya\u015flanma kar\u015f\u0131t\u0131 bir serum.<\/p>\n<ul>\n<li>K\u0131r\u0131\u015f\u0131kl\u0131k kar\u015f\u0131t\u0131<\/li>\n<li>Antioksidan<\/li>\n<li>S\u0131k\u0131la\u015ft\u0131r\u0131c\u0131<\/li>\n<li>Ayd\u0131nlat\u0131c\u0131<\/li>\n<\/ul>\n","protected":false},"featured_media":3616,"comment_status":"open","ping_status":"closed","template":"","meta":{"_monsterinsights_skip_tracking":false,"_monsterinsights_sitenote_active":false,"_monsterinsights_sitenote_note":"","_monsterinsights_sitenote_category":0},"product_brand":[59],"product_cat":[66],"product_tag":[],"class_list":{"0":"post-3615","1":"product","2":"type-product","3":"status-publish","4":"has-post-thumbnail","6":"product_brand-genosys","7":"product_cat-gunluk-bakim-serumlari","10":"instock","11":"shipping-taxable","12":"product-type-simple","13":"product-grid-view"},"aioseo_notices":[],"_links":{"self":[{"href":"https:\/\/touchupestetik.com\/index.php\/wp-json\/wp\/v2\/product\/3615","targetHints":{"allow":["GET"]}}],"collection":[{"href":"https:\/\/touchupestetik.com\/index.php\/wp-json\/wp\/v2\/product"}],"about":[{"href":"https:\/\/touchupestetik.com\/index.php\/wp-json\/wp\/v2\/types\/product"}],"replies":[{"embeddable":true,"href":"https:\/\/touchupestetik.com\/index.php\/wp-json\/wp\/v2\/comments?post=3615"}],"wp:featuredmedia":[{"embeddable":true,"href":"https:\/\/touchupestetik.com\/index.php\/wp-json\/wp\/v2\/media\/3616"}],"wp:attachment":[{"href":"https:\/\/touchupestetik.com\/index.php\/wp-json\/wp\/v2\/media?parent=3615"}],"wp:term":[{"taxonomy":"product_brand","embeddable":true,"href":"https:\/\/touchupestetik.com\/index.php\/wp-json\/wp\/v2\/product_brand?post=3615"},{"taxonomy":"product_cat","embeddable":true,"href":"https:\/\/touchupestetik.com\/index.php\/wp-json\/wp\/v2\/product_cat?post=3615"},{"taxonomy":"product_tag","embeddable":true,"href":"https:\/\/touchupestetik.com\/index.php\/wp-json\/wp\/v2\/product_tag?post=3615"}],"curies":[{"name":"wp","href":"https:\/\/api.w.org\/{rel}","templated":true}]}}