{"id":3619,"date":"2025-09-21T09:21:23","date_gmt":"2025-09-21T06:21:23","guid":{"rendered":"https:\/\/touchupestetik.com\/?post_type=product&#038;p=3619"},"modified":"2025-09-22T16:22:00","modified_gmt":"2025-09-22T13:22:00","slug":"pcs-problem-control-serum-30-ml","status":"publish","type":"product","link":"https:\/\/touchupestetik.com\/index.php\/product\/pcs-problem-control-serum-30-ml\/","title":{"rendered":"PCS (Problem Control Serum) 30 ml"},"content":{"rendered":"<p><strong>PCS Problem Control Serum Aktif \u0130\u00e7erikler<\/strong><\/p>\n<ul>\n<li>\u00c7inko PCA<\/li>\n<li>Poliglutamik asit<\/li>\n<li>Betain<\/li>\n<li>Trehaloz<\/li>\n<li>Lactobacillus\/Pumpkin Ferment Ekstrakt\u0131<\/li>\n<li>Leuconostoc\/Radish K\u00f6k Ferment Filtrat\u0131<\/li>\n<li>Salix nigra\u00a0(S\u00f6\u011f\u00fct) Kabu\u011fu Ekstrakt\u0131<\/li>\n<li>Betula platyphylla\u00a0(Japon Beyaz Hu\u015f A\u011fac\u0131) Kabu\u011fu Ekstrakt\u0131<\/li>\n<\/ul>\n<p><strong>PCS Ya\u011fl\u0131 Cilt Dengelemeye Yard\u0131mc\u0131 Serum Kullan\u0131m\u0131<\/strong><\/p>\n<p>Snow O<sub>2<\/sub>\u00a0Cleanser ile temizlenmi\u015f cildinize uygulay\u0131n\u0131z. Masaj ile uygulamak \u00fcr\u00fcn\u00fcn etkisini artt\u0131rman\u0131z\u0131 sa\u011flayacakt\u0131r.<\/p>\n<p><strong>Ya\u011fl\u0131 ve karma ciltlere uygundur.<\/strong><\/p>\n","protected":false},"excerpt":{"rendered":"<p>Cildinizin pH\u2019\u0131na uyumlu a\u015f\u0131r\u0131 sebum \u00fcretimini d\u00fczenlemeye yard\u0131mc\u0131 olur. \u0130\u00e7erisindeki \u00e7inko PCA ile sebumu dengeler. Poliglutamik asit ile cildi nemlendirmeyi ve cilt elastikiyetini destekler ayr\u0131ca i\u00e7eri\u011finde\u00a0fermente balkaba\u011f\u0131 \u00f6z\u00fct\u00fc bulunur.<\/p>\n","protected":false},"featured_media":3744,"comment_status":"open","ping_status":"closed","template":"","meta":{"_monsterinsights_skip_tracking":false,"_monsterinsights_sitenote_active":false,"_monsterinsights_sitenote_note":"","_monsterinsights_sitenote_category":0},"product_brand":[59],"product_cat":[66],"product_tag":[],"class_list":{"0":"post-3619","1":"product","2":"type-product","3":"status-publish","4":"has-post-thumbnail","6":"product_brand-genosys","7":"product_cat-gunluk-bakim-serumlari","10":"instock","11":"shipping-taxable","12":"product-type-simple","13":"product-grid-view"},"aioseo_notices":[],"_links":{"self":[{"href":"https:\/\/touchupestetik.com\/index.php\/wp-json\/wp\/v2\/product\/3619","targetHints":{"allow":["GET"]}}],"collection":[{"href":"https:\/\/touchupestetik.com\/index.php\/wp-json\/wp\/v2\/product"}],"about":[{"href":"https:\/\/touchupestetik.com\/index.php\/wp-json\/wp\/v2\/types\/product"}],"replies":[{"embeddable":true,"href":"https:\/\/touchupestetik.com\/index.php\/wp-json\/wp\/v2\/comments?post=3619"}],"wp:featuredmedia":[{"embeddable":true,"href":"https:\/\/touchupestetik.com\/index.php\/wp-json\/wp\/v2\/media\/3744"}],"wp:attachment":[{"href":"https:\/\/touchupestetik.com\/index.php\/wp-json\/wp\/v2\/media?parent=3619"}],"wp:term":[{"taxonomy":"product_brand","embeddable":true,"href":"https:\/\/touchupestetik.com\/index.php\/wp-json\/wp\/v2\/product_brand?post=3619"},{"taxonomy":"product_cat","embeddable":true,"href":"https:\/\/touchupestetik.com\/index.php\/wp-json\/wp\/v2\/product_cat?post=3619"},{"taxonomy":"product_tag","embeddable":true,"href":"https:\/\/touchupestetik.com\/index.php\/wp-json\/wp\/v2\/product_tag?post=3619"}],"curies":[{"name":"wp","href":"https:\/\/api.w.org\/{rel}","templated":true}]}}